{"id":3061,"date":"2026-01-08T15:25:34","date_gmt":"2026-01-08T15:25:34","guid":{"rendered":"https:\/\/moccasin-spoonbill-314886.hostingersite.com\/?page_id=3061"},"modified":"2026-04-01T10:09:31","modified_gmt":"2026-04-01T08:09:31","slug":"historie_nesselblatt","status":"publish","type":"page","link":"https:\/\/ara-weserbergland.de\/?page_id=3061","title":{"rendered":"Historie_Nesselblatt"},"content":{"rendered":"\t\t<div data-elementor-type=\"wp-page\" data-elementor-id=\"3061\" class=\"elementor elementor-3061\">\n\t\t\t\t<div class=\"elementor-element elementor-element-28551d56 e-flex e-con-boxed e-con e-parent\" data-id=\"28551d56\" data-element_type=\"container\">\n\t\t\t\t\t<div class=\"e-con-inner\">\n\t\t\t\t<div class=\"elementor-element elementor-element-334211fc elementor-widget elementor-widget-text-editor\" data-id=\"334211fc\" data-element_type=\"widget\" data-widget_type=\"text-editor.default\">\n\t\t\t\t<div class=\"elementor-widget-container\">\n\t\t\t\t\t\t\t\t\t\n<div class=\"wp-block-uagb-container uag-hide-tab uag-hide-mob uagb-block-6239d1e6 alignfull uagb-is-root-container\">\n<div class=\"uagb-container-inner-blocks-wrap\">\n<div class=\"wp-block-uagb-info-box uagb-block-c88e6808 uagb-infobox__content-wrap  uagb-infobox-icon-above-title uagb-infobox-image-valign-top wp-block-uagb-info-box--has-margin uag-hide-tab uag-hide-mob\">\n<div class=\"uagb-infobox-margin-wrapper\">\n<div class=\"uagb-ifb-content\">\n<div class=\"uagb-ifb-title-wrap\">\n<h3 class=\"uagb-ifb-title\"><strong>Wo kommt das Nesselblatt her?<\/strong> <sub>(bevor jemand fragt)<\/sub><\/h3>\n<\/div>\n<p class=\"uagb-ifb-desc\">Wenn man den Engernland-Brevet abf\u00e4hrt f\u00e4llt einem auf, dass im n\u00f6rdlichen Bereich fast alle Gemeinden und Kreise das wei\u00dfe Nesselblatt auf rotem Grund im Wappen tragen. Dieses ist aber doch der wesentliche Teil im Wappen des Startortes Gro\u00dfenwieden!!<br \/><strong>Was soll das &#8211; k\u00f6nnen sich die Leute dort oben nicht ein eigenes Wappen ausdenken?!!!?<\/strong><br \/><br \/><br \/><br \/><br \/><br \/><br \/><br \/><br \/><mark class=\"has-inline-color has-ast-global-color-0-color\" style=\"background-color: rgba(0, 0, 0, 0);\"><strong><br \/><br \/><br \/>Nun, die Sache l\u00e4sst sich erkl\u00e4ren: <br \/>Gro\u00dfenwieden ist das Weserdorf am Fu\u00dfe des Nesselbergs, eines strategisch g\u00fcnstigen Vorh\u00fcgels des Weserbergkamms. Und weil dieser Nesselberg eine so hervorragende Aussichtsposition bot, kamen die Grafen von Schaumburg auf die Idee, dort oben ihren Stammsitz, die sog. Schaumburg, zu errichten. Das Nesselblatt machten sie kurzerhand zu ihrem Wappen und Gro\u00dfenwieden wurde ihre Hafenstelle. Die Weser hatte im Mittelalter eine wichtige Bedeutung als Handelsweg, zumal es damals noch keine verbrennungsmotorgetriebenen Lastkraftwagen gab. Bis in die achtziger Jahre des vergangenen Jahrhunderts waren Bockschiffe auf dem Flu\u00df unterwegs. Gro\u00dfenwieden geh\u00f6rte zum Landkreis Grafschaft Schaumburg, welcher von der Weser bis zum Steinhuder Meer reichte. Die Vorsilbe des Namens Schaumburg hat \u00fcbrigens \u00fcberhaupt nichts mit luftblasendurchsetzter Fl\u00fcssigkeit zu tun. Stattdessen d\u00fcrfte sich der Name eher aus dem Verb &#8217;schauen&#8216; entwickelt haben. Die Burg war wohl einst viel m\u00e4chtiger, als sie heute als zugewachsene Ruine erscheint.<br \/><br \/>Der Ort Gro\u00dfenwieden, der inzwischen zum Ortsteil der Stadt Hessisch Oldendorf abgewertet wurde, ist 1977 vom Landkreis Hameln-Pyrmont \u00fcbernommen worden. Gewisserma\u00dfen hat Gro\u00dfenwieden vor fast f\u00fcnfzig Jahren schon das baldige Schicksal Gr\u00f6nlands ereilt \ud83d\ude09<br \/>Aber nun weiter: Die offenbar recht t\u00fcchtigen Grafen von Schaumburg wurden in Personalunion gleicherma\u00dfen Grafen von Holstein und brachten ihr Nesselblatt-Emblem \u00fcberall in Holstein ein. Es wurde sogar Teil des offiziellen Wappens des dortigen Bundeslandes, neben den f\u00fcr Schleswig stehenden L\u00f6wen. Auf unserem Brevet klappern wir sozusagen das Engernsachen-Gebiet Holstein ab, sagen kurz bei den Schleswiger Angeln Guten Tag und drehen dann wieder gen Hannoversch M\u00fcnden ab.<\/strong><\/mark>n<br \/><br \/><\/p>\n<\/div>\n<\/div>\n<\/div>\n\n<div class=\"wp-block-uagb-slider uagb-block-c924c2b0 uagb-slider-container\">\n<div class=\"uagb-slides uagb-swiper\">\n<div class=\"swiper-wrapper\">\n<div class=\"wp-block-uagb-slider-child uagb-slider-child-wrap swiper-slide uagb-block-a21218b3\">\n<div class=\"swiper-content\">\n<div class=\"wp-block-uagb-container uagb-block-a73f9e3d\">\n<div class=\"wp-block-uagb-info-box uagb-block-adc40ad0 uagb-infobox__content-wrap  uagb-infobox-icon-above-title uagb-infobox-image-valign-top\">\n<div class=\"uagb-ifb-content\">\n<div class=\"uagb-ifb-image-content\"><img decoding=\"async\" src=\"https:\/\/moccasin-spoonbill-314886.hostingersite.com\/wp-content\/uploads\/2026\/01\/Wappen_Grossenwieden-1.png\" alt=\"\" width=\"\" height=\"0\" \/><\/div>\n<div class=\"uagb-ifb-title-wrap\">\n<h3 class=\"uagb-ifb-title\"><mark class=\"has-inline-color has-ast-global-color-2-color\" style=\"background-color: #50f6f6;\">Gro\u00dfenwieden<\/mark><\/h3>\n<\/div>\n<\/div>\n<\/div>\n<\/div>\n<\/div>\n<\/div>\n\n<div class=\"wp-block-uagb-slider-child uagb-slider-child-wrap swiper-slide uagb-block-9961a851\">\n<div class=\"swiper-content\">\n<div class=\"wp-block-uagb-container uagb-block-cdf11e1e\">\n<div class=\"wp-block-uagb-info-box uagb-block-12e7ed88 uagb-infobox__content-wrap  uagb-infobox-icon-above-title uagb-infobox-image-valign-top\">\n<div class=\"uagb-ifb-content\">\n<div class=\"uagb-ifb-image-content\"><img decoding=\"async\" src=\"https:\/\/moccasin-spoonbill-314886.hostingersite.com\/wp-content\/uploads\/2026\/01\/Grafschaft-Schaumburg.png\" alt=\"\" width=\"\" height=\"0\" \/><\/div>\n<div class=\"uagb-ifb-title-wrap\">\n<h3 class=\"uagb-ifb-title\"><mark class=\"has-inline-color has-ast-global-color-2-color\" style=\"background-color: var(--ast-global-color-0);\">GrAFSchaft Schaumburg<\/mark><\/h3>\n<\/div>\n<\/div>\n<\/div>\n<\/div>\n<\/div>\n<\/div>\n\n<div class=\"wp-block-uagb-slider-child uagb-slider-child-wrap swiper-slide uagb-block-3431f9dc\">\n<div class=\"swiper-content\">\n<div class=\"wp-block-uagb-container uagb-block-ab8718e0\">\n<div class=\"wp-block-uagb-info-box uagb-block-53f5d5bb uagb-infobox__content-wrap  uagb-infobox-icon-above-title uagb-infobox-image-valign-top\">\n<div class=\"uagb-ifb-content\">\n<div class=\"uagb-ifb-image-content\"><img decoding=\"async\" src=\"https:\/\/moccasin-spoonbill-314886.hostingersite.com\/wp-content\/uploads\/2026\/01\/Itzehoe_Wappen-268x300.png\" alt=\"\" width=\"\" height=\"0\" \/><\/div>\n<div class=\"uagb-ifb-title-wrap\">\n<h3 class=\"uagb-ifb-title\"><mark class=\"has-inline-color has-ast-global-color-2-color\" style=\"background-color: var(--ast-global-color-0);\">Itzehohe<\/mark><\/h3>\n<\/div>\n<\/div>\n<\/div>\n<\/div>\n<\/div>\n<\/div>\n\n<div class=\"wp-block-uagb-slider-child uagb-slider-child-wrap swiper-slide uagb-block-581ecb87\">\n<div class=\"swiper-content\">\n<div class=\"wp-block-uagb-container uagb-block-df32d69b\">\n<div class=\"wp-block-uagb-info-box uagb-block-b0a71ccd uagb-infobox__content-wrap  uagb-infobox-icon-above-title uagb-infobox-image-valign-top\">\n<div class=\"uagb-ifb-content\">\n<div class=\"uagb-ifb-image-content\"><img decoding=\"async\" src=\"https:\/\/moccasin-spoonbill-314886.hostingersite.com\/wp-content\/uploads\/2026\/01\/Wappen_der_Stadt_Rendsburg-276x300.png\" alt=\"\" width=\"\" height=\"0\" \/><\/div>\n<div class=\"uagb-ifb-title-wrap\">\n<h3 class=\"uagb-ifb-title\"><mark class=\"has-inline-color has-ast-global-color-2-color\" style=\"background-color: var(--ast-global-color-0);\">Rendsburg<\/mark><\/h3>\n<\/div>\n<\/div>\n<\/div>\n<\/div>\n<\/div>\n<\/div>\n\n<div class=\"wp-block-uagb-slider-child uagb-slider-child-wrap swiper-slide uagb-block-fc107c66\">\n<div class=\"swiper-content\">\n<div class=\"wp-block-uagb-container uagb-block-c1b53d29\">\n<div class=\"wp-block-uagb-info-box uagb-block-15c3713b uagb-infobox__content-wrap  uagb-infobox-icon-above-title uagb-infobox-image-valign-top\">\n<div class=\"uagb-ifb-content\">\n<div class=\"uagb-ifb-image-content\"><img decoding=\"async\" src=\"https:\/\/moccasin-spoonbill-314886.hostingersite.com\/wp-content\/uploads\/2026\/01\/Wappen_Kreis_Rendsburg-Eckernfoerde.png\" alt=\"\" width=\"\" height=\"0\" \/><\/div>\n<div class=\"uagb-ifb-title-wrap\">\n<h3 class=\"uagb-ifb-title\"><mark class=\"has-inline-color has-ast-global-color-2-color\" style=\"background-color: var(--ast-global-color-0);\">Kreis Rendsburg-Eckernf\u00f6rde<\/mark><\/h3>\n<\/div>\n<\/div>\n<\/div>\n<\/div>\n<\/div>\n<\/div>\n\n<div class=\"wp-block-uagb-slider-child uagb-slider-child-wrap swiper-slide uagb-block-8a5a23a3\">\n<div class=\"swiper-content\">\n<div class=\"wp-block-uagb-container uagb-block-f1877db7\">\n<div class=\"wp-block-uagb-info-box uagb-block-c8c83c55 uagb-infobox__content-wrap  uagb-infobox-icon-above-title uagb-infobox-image-valign-top\">\n<div class=\"uagb-ifb-content\">\n<div class=\"uagb-ifb-image-content\"><img decoding=\"async\" src=\"https:\/\/moccasin-spoonbill-314886.hostingersite.com\/wp-content\/uploads\/2026\/01\/Kiel.png\" alt=\"\" width=\"\" height=\"0\" \/><\/div>\n<div class=\"uagb-ifb-title-wrap\">\n<h3 class=\"uagb-ifb-title\"><mark class=\"has-inline-color has-ast-global-color-2-color\" style=\"background-color: var(--ast-global-color-0);\">Kiel<\/mark><\/h3>\n<\/div>\n<\/div>\n<\/div>\n<\/div>\n<\/div>\n<\/div>\n\n<div class=\"wp-block-uagb-slider-child uagb-slider-child-wrap swiper-slide uagb-block-e3faab4b\">\n<div class=\"swiper-content\">\n<div class=\"wp-block-uagb-container uagb-block-c2b3bc8d\">\n<div class=\"wp-block-uagb-info-box uagb-block-b28ec159 uagb-infobox__content-wrap  uagb-infobox-icon-above-title uagb-infobox-image-valign-top\">\n<div class=\"uagb-ifb-content\">\n<div class=\"uagb-ifb-image-content\"><img decoding=\"async\" src=\"https:\/\/moccasin-spoonbill-314886.hostingersite.com\/wp-content\/uploads\/2026\/01\/Preetz-1.png\" alt=\"\" width=\"\" height=\"0\" \/><\/div>\n<div class=\"uagb-ifb-title-wrap\">\n<h3 class=\"uagb-ifb-title\"><mark class=\"has-inline-color has-ast-global-color-2-color\" style=\"background-color: var(--ast-global-color-0);\">Preetz<\/mark><\/h3>\n<\/div>\n<\/div>\n<\/div>\n<\/div>\n<\/div>\n<\/div>\n\n<div class=\"wp-block-uagb-slider-child uagb-slider-child-wrap swiper-slide uagb-block-c8507a22\">\n<div class=\"swiper-content\">\n<div class=\"wp-block-uagb-container uagb-block-adf559fc\">\n<div class=\"wp-block-uagb-info-box uagb-block-b43c4604 uagb-infobox__content-wrap  uagb-infobox-icon-above-title uagb-infobox-image-valign-top\">\n<div class=\"uagb-ifb-content\">\n<div class=\"uagb-ifb-image-content\"><img decoding=\"async\" src=\"https:\/\/moccasin-spoonbill-314886.hostingersite.com\/wp-content\/uploads\/2026\/01\/Wappen_von_Ploen-1-274x300.png\" alt=\"\" width=\"\" height=\"0\" \/><\/div>\n<div class=\"uagb-ifb-title-wrap\">\n<h3 class=\"uagb-ifb-title\"><mark class=\"has-inline-color has-ast-global-color-2-color\" style=\"background-color: var(--ast-global-color-0);\">PL\u00f6n<\/mark><\/h3>\n<\/div>\n<\/div>\n<\/div>\n<\/div>\n<\/div>\n<\/div>\n\n<div class=\"wp-block-uagb-slider-child uagb-slider-child-wrap swiper-slide uagb-block-cdcf14c5\">\n<div class=\"swiper-content\">\n<div class=\"wp-block-uagb-container uagb-block-73c0b66a\">\n<div class=\"wp-block-uagb-info-box uagb-block-9d5eae4c uagb-infobox__content-wrap  uagb-infobox-icon-above-title uagb-infobox-image-valign-top\">\n<div class=\"uagb-ifb-content\">\n<div class=\"uagb-ifb-image-content\"><img decoding=\"async\" src=\"https:\/\/moccasin-spoonbill-314886.hostingersite.com\/wp-content\/uploads\/2026\/01\/Kreis-Ploen-279x300.gif\" alt=\"\" width=\"\" height=\"0\" \/><\/div>\n<div class=\"uagb-ifb-title-wrap\">\n<h3 class=\"uagb-ifb-title\"><mark class=\"has-inline-color has-ast-global-color-2-color\" style=\"background-color: var(--ast-global-color-0);\">Kreis Pl\u00f6n<\/mark><\/h3>\n<\/div>\n<\/div>\n<\/div>\n<\/div>\n<\/div>\n<\/div>\n\n<div class=\"wp-block-uagb-slider-child uagb-slider-child-wrap swiper-slide uagb-block-6a1ea568\">\n<div class=\"swiper-content\">\n<div class=\"wp-block-uagb-container uagb-block-b5ea691d\">\n<div class=\"wp-block-uagb-info-box uagb-block-244420cc uagb-infobox__content-wrap  uagb-infobox-icon-above-title uagb-infobox-image-valign-top\">\n<div class=\"uagb-ifb-content\">\n<div class=\"uagb-ifb-image-content\"><img decoding=\"async\" src=\"https:\/\/moccasin-spoonbill-314886.hostingersite.com\/wp-content\/uploads\/2026\/01\/Schleswig-Holstein-Wappen-264x300.png\" alt=\"\" width=\"\" height=\"0\" \/><\/div>\n<div class=\"uagb-ifb-title-wrap\">\n<h3 class=\"uagb-ifb-title\"><mark class=\"has-inline-color\" style=\"background-color: var(--ast-global-color-0);\">La<\/mark><mark class=\"has-inline-color has-ast-global-color-2-color\" style=\"background-color: var(--ast-global-color-0);\">nd Schleswig-Holstein<\/mark><\/h3>\n<\/div>\n<\/div>\n<\/div>\n<\/div>\n<\/div>\n<\/div>\n<\/div>\n<\/div>\n<div class=\"swiper-pagination\">\u00a0<\/div>\n<div class=\"swiper-button-prev\">\u00a0<\/div>\n<div class=\"swiper-button-next\">\u00a0<\/div>\n<\/div>\n<\/div>\n<\/div>\n\n<p>\u00a0<\/p>\n\t\t\t\t\t\t\t\t<\/div>\n\t\t\t\t<\/div>\n\t\t\t\t\t<\/div>\n\t\t\t\t<\/div>\n\t\t\t\t<\/div>\n\t\t","protected":false},"excerpt":{"rendered":"<p>\u00a0<\/p>\n","protected":false},"author":1,"featured_media":0,"parent":0,"menu_order":0,"comment_status":"closed","ping_status":"closed","template":"","meta":{"_uag_custom_page_level_css":"","site-sidebar-layout":"default","site-content-layout":"","ast-site-content-layout":"default","site-content-style":"default","site-sidebar-style":"default","ast-global-header-display":"","ast-banner-title-visibility":"","ast-main-header-display":"","ast-hfb-above-header-display":"","ast-hfb-below-header-display":"","ast-hfb-mobile-header-display":"","site-post-title":"","ast-breadcrumbs-content":"","ast-featured-img":"","footer-sml-layout":"","ast-disable-related-posts":"","theme-transparent-header-meta":"","adv-header-id-meta":"","stick-header-meta":"","header-above-stick-meta":"","header-main-stick-meta":"","header-below-stick-meta":"","astra-migrate-meta-layouts":"set","ast-page-background-enabled":"default","ast-page-background-meta":{"desktop":{"background-color":"","background-image":"","background-repeat":"repeat","background-position":"center center","background-size":"auto","background-attachment":"scroll","background-type":"","background-media":"","overlay-type":"","overlay-color":"","overlay-opacity":"","overlay-gradient":""},"tablet":{"background-color":"","background-image":"","background-repeat":"repeat","background-position":"center center","background-size":"auto","background-attachment":"scroll","background-type":"","background-media":"","overlay-type":"","overlay-color":"","overlay-opacity":"","overlay-gradient":""},"mobile":{"background-color":"","background-image":"","background-repeat":"repeat","background-position":"center center","background-size":"auto","background-attachment":"scroll","background-type":"","background-media":"","overlay-type":"","overlay-color":"","overlay-opacity":"","overlay-gradient":""}},"ast-content-background-meta":{"desktop":{"background-color":"var(--ast-global-color-5)","background-image":"","background-repeat":"repeat","background-position":"center center","background-size":"auto","background-attachment":"scroll","background-type":"","background-media":"","overlay-type":"","overlay-color":"","overlay-opacity":"","overlay-gradient":""},"tablet":{"background-color":"var(--ast-global-color-5)","background-image":"","background-repeat":"repeat","background-position":"center center","background-size":"auto","background-attachment":"scroll","background-type":"","background-media":"","overlay-type":"","overlay-color":"","overlay-opacity":"","overlay-gradient":""},"mobile":{"background-color":"var(--ast-global-color-5)","background-image":"","background-repeat":"repeat","background-position":"center center","background-size":"auto","background-attachment":"scroll","background-type":"","background-media":"","overlay-type":"","overlay-color":"","overlay-opacity":"","overlay-gradient":""}},"footnotes":""},"class_list":["post-3061","page","type-page","status-publish","hentry"],"aioseo_notices":[],"_hostinger_reach_plugin_has_subscription_block":false,"_hostinger_reach_plugin_is_elementor":false,"uagb_featured_image_src":{"full":false,"thumbnail":false,"medium":false,"medium_large":false,"large":false,"1536x1536":false,"2048x2048":false,"woocommerce_thumbnail":false,"woocommerce_single":false,"woocommerce_gallery_thumbnail":false},"uagb_author_info":{"display_name":"info@uwekrohne.de","author_link":"https:\/\/ara-weserbergland.de\/?author=1"},"uagb_comment_info":0,"uagb_excerpt":"\u00a0","_links":{"self":[{"href":"https:\/\/ara-weserbergland.de\/index.php?rest_route=\/wp\/v2\/pages\/3061","targetHints":{"allow":["GET"]}}],"collection":[{"href":"https:\/\/ara-weserbergland.de\/index.php?rest_route=\/wp\/v2\/pages"}],"about":[{"href":"https:\/\/ara-weserbergland.de\/index.php?rest_route=\/wp\/v2\/types\/page"}],"author":[{"embeddable":true,"href":"https:\/\/ara-weserbergland.de\/index.php?rest_route=\/wp\/v2\/users\/1"}],"replies":[{"embeddable":true,"href":"https:\/\/ara-weserbergland.de\/index.php?rest_route=%2Fwp%2Fv2%2Fcomments&post=3061"}],"version-history":[{"count":43,"href":"https:\/\/ara-weserbergland.de\/index.php?rest_route=\/wp\/v2\/pages\/3061\/revisions"}],"predecessor-version":[{"id":3186,"href":"https:\/\/ara-weserbergland.de\/index.php?rest_route=\/wp\/v2\/pages\/3061\/revisions\/3186"}],"wp:attachment":[{"href":"https:\/\/ara-weserbergland.de\/index.php?rest_route=%2Fwp%2Fv2%2Fmedia&parent=3061"}],"curies":[{"name":"wp","href":"https:\/\/api.w.org\/{rel}","templated":true}]}}