{"id":3,"date":"2025-12-14T17:30:32","date_gmt":"2025-12-14T17:30:32","guid":{"rendered":"http:\/\/ara-weserbergland.de\/?page_id=3"},"modified":"2026-01-06T09:34:41","modified_gmt":"2026-01-06T09:34:41","slug":"privacy-policy","status":"publish","type":"page","link":"https:\/\/ara-weserbergland.de\/?page_id=3","title":{"rendered":"Datenschutz"},"content":{"rendered":"\n<p><strong>Datenschutzerkl\u00e4rung<\/strong><\/p>\n\n\n\n<p>&#8212;&#8212;&#8212;&#8212;&#8212;&#8212;&#8212;&#8212;&#8212;&#8212;&#8212;&#8212;&#8212;&#8212;&#8212;&#8212;&#8212;&#8212;&#8212;&#8212;&#8212;&#8212;&#8212;&#8212;&#8212;&#8212;&#8211;<\/p>\n\n\n\n<p><strong>1. Verantwortlicher f\u00fcr alle Datenverarbeitungsprozesse:<\/strong><\/p>\n\n\n\n<p>Uwe Krohne * Am Steinbrink 15 * 31840 Hess. Oldendorf * info@weserbergland-randonneur.de<\/p>\n\n\n\n<p>&#8212;&#8212;&#8212;&#8212;&#8212;&#8212;&#8212;&#8212;&#8212;&#8212;&#8212;&#8212;&#8212;&#8212;&#8212;&#8212;&#8212;&#8212;&#8212;&#8212;&#8212;&#8212;&#8212;&#8212;&#8212;&#8212;&#8211;<\/p>\n\n\n\n<p><strong>2. Verantwortlicher f\u00fcr den Datenschutz:<\/strong><\/p>\n\n\n\n<p>Uwe Krohne * Am Steinbrink 15 * 31840 Hess. Oldendorf * info@uwekrohne.de<\/p>\n\n\n\n<p>&#8212;&#8212;&#8212;&#8212;&#8212;&#8212;&#8212;&#8212;&#8212;&#8212;&#8212;&#8212;&#8212;&#8212;&#8212;&#8212;&#8212;&#8212;&#8212;&#8212;&#8212;&#8212;&#8212;&#8212;&#8212;&#8212;&#8211;<\/p>\n\n\n\n<p><strong>3. Grunds\u00e4tzliches zur Datenverarbeitung:<\/strong><\/p>\n\n\n\n<p>Diese Webseite dient nicht der Erfassung pers\u00f6nlicher Daten von Webseitenbesuchern. Es existieren keine Erfassungsfelder und es werden auch keinerlei auf anderen Wegen erhaltene pers\u00f6nliche Daten auf dem Webserver gespeichert. Ausnahme sind Bilddaten, welche bis 2010 eingestellt und deren Abrufbarkeit bis heute nicht widersprochen wurde. Zweck der Seite ist die Versorgung von Brevet-Interessenten mit Informationen. Dazu werden tempor\u00e4r unpersonalisierte Anmeldeformulare und Detailbeschreibungen\/Hinweise zu Brevets als Downloadm\u00f6glichkeit bereitgestellt. Die eigentliche Verarbeitung der durch die Brevetstarter bereitgestellten Daten erfolgt auf einem einzelstehenden Rechner und wurde DSGVO-konform konzipiert und dokumentiert. Eine Weitergabe pers\u00f6nlicher Daten an Dritte ist ausgeschlossen. Eine Ausnahme bildet nat\u00fcrlich die Bereitstellung der Teilnahmedaten an den Audax Club Parisien, was jedoch als grunds\u00e4tzliches Ziel jeglicher Brevetteilnahme angesehen wird.<\/p>\n\n\n\n<p>&#8212;&#8212;&#8212;&#8212;&#8212;&#8212;&#8212;&#8212;&#8212;&#8212;&#8212;&#8212;&#8212;&#8212;&#8212;&#8212;&#8212;&#8212;&#8212;&#8212;&#8212;&#8212;&#8212;&#8212;&#8212;&#8212;&#8211;<\/p>\n\n\n\n<p><strong>4. Webseitenzugriff:<\/strong><\/p>\n\n\n\n<p>Es erfolgt durch den Webseitenbetreiber keine Auswertung von Zugriffen auf diese Webseite. Tools wie Google Analytics oder \u00e4hnliche werden nicht eingesetzt. Eine Hinterlegung von Cookies erfolgt nicht.<\/p>\n\n\n\n<p>&#8212;&#8212;&#8212;&#8212;&#8212;&#8212;&#8212;&#8212;&#8212;&#8212;&#8212;&#8212;&#8212;&#8212;&#8212;&#8212;&#8212;&#8212;&#8212;&#8212;&#8212;&#8212;&#8212;&#8212;&#8212;&#8212;&#8211;<\/p>\n\n\n\n<p><strong>5. Rechte des Webseitenbesuchers<\/strong><\/p>\n\n\n\n<p>Auf den auf dieser Seite befindlichen Bildern erkennbare Personen k\u00f6nnen sich nachtr\u00e4glich jederzeit an den Datenschutzverantwortlichen wenden und die unwiederbringliche L\u00f6schung relevanter Bilder verlangen, welche dann umgehend durchgef\u00fchrt wird.<\/p>\n\n\n\n<p>Betroffene, welche ihre pers\u00f6nliche Daten mit dem Auftrag zur Verarbeitung (impliziert durch Nutzung eines Anmeldeformulars) an den Prozessverantwortlichen gesendet haben, k\u00f6nnen sich jederzeit an den Datenschutzverantwortlichen wenden, um Informationen \u00fcber die zu Ihrer Person gespeicherten Daten zu verlangen, um Einsicht in die ordentlich dokumentierten Verfahrensprozesse zu verlangen oder um die komplette Anonymisierung aller ihrer sch\u00fctzenwerten Daten zu verlangen.<\/p>\n\n\n\n<p>===============================================================================================================================================<\/p>\n\n\n\n<p><strong>Impressum<\/strong><\/p>\n\n\n\n<p>&#8212;&#8212;&#8212;&#8212;&#8212;&#8212;&#8212;&#8212;&#8212;&#8212;&#8212;&#8212;&#8212;&#8212;&#8212;&#8212;&#8212;&#8212;&#8212;&#8212;&#8212;&#8212;&#8212;&#8212;&#8212;&#8212;&#8211;<\/p>\n\n\n\n<p><strong>Kontakt zu Weserbergland-Randonneur:<\/strong><\/p>\n\n\n\n<p>Uwe Krohne<\/p>\n\n\n\n<p>Am Steinbrink 15<\/p>\n\n\n\n<p>31840 Hessisch Oldendorf<\/p>\n\n\n\n<p>Deutschland<\/p>\n\n\n\n<p>Tel. Mobil +49 172 &#8211; 5 111 283<\/p>\n\n\n\n<p><a href=\"mailto:Info@Weserbergland-Randonneur.de\" target=\"_blank\" rel=\"noreferrer noopener\">info@Weserbergland-Randonneur.de<\/a><\/p>\n\n\n\n<p>&#8212;&#8212;&#8212;&#8212;&#8212;&#8212;&#8212;&#8212;&#8212;&#8212;&#8212;&#8212;&#8212;&#8212;&#8212;&#8212;&#8212;&#8212;&#8212;&#8212;&#8212;&#8212;&#8212;&#8212;&#8212;&#8212;&#8211;<\/p>\n\n\n\n<p><strong>Redaktionsverantwortlicher:<\/strong><\/p>\n\n\n\n<p>Uwe Krohne<\/p>\n\n\n\n<p>Am Steinbrink 15<\/p>\n\n\n\n<p>31840 Hess. Oldendorf<\/p>\n\n\n\n<p>Tel. Mobil +49 172 5 111 283<\/p>\n\n\n\n<p><a href=\"mailto:info@uwekrohne.de\" target=\"_blank\" rel=\"noreferrer noopener\">info@uwekrohne.de<\/a><\/p>\n\n\n\n<p>&#8212;&#8212;&#8212;&#8212;&#8212;&#8212;&#8212;&#8212;&#8212;&#8212;&#8212;&#8212;&#8212;&#8212;&#8212;&#8212;&#8212;&#8212;&#8212;&#8212;&#8212;&#8212;&#8212;&#8212;&#8212;&#8212;&#8211;<\/p>\n\n\n\n<p><strong>Haftungsausschluss<\/strong><\/p>\n\n\n\n<p>Mit einem Urteil vom 12. Mai 1998 hat das Landgericht Hamburg entschieden, dass man durch gesetzte Links auf der eigenen Internetpr\u00e4senz die Inhalte der gelinkten Seiten ggf. mitzuverantworten hat. Dies kann, lt. Landgericht Hamburg, nur dadurch verhindert werden, dass man sich ausdr\u00fccklich von diesen Inhalten distanziert. An dieser Stelle wird ausdr\u00fccklich erkl\u00e4rt, dass der Betreiber dieser Webseite keinerlei Einfluss auf die Gestaltung und die Inhalte der gelinkten Seiten hat. Der Betreiber distanziert sich aus diesem Grunde ausdr\u00fccklich von allen Inhalten aller gelinkten Seiten und macht sich die Inhalte nicht zu Eigen. Diese Erkl\u00e4rung gilt f\u00fcr alle auf der Homepage unter http:\/\/www. ara-weserbergland.de gezeigten Links und f\u00fcr alle Inhalte der Seiten. Inhalt, Struktur und Idee dieser Web-Seiten sind urheberrechtlich gesch\u00fctzt. Die Vervielf\u00e4ltigung von Informationen oder Daten, insbesondere die Verwendung von Texten, Textteilen oder Bildmaterial bedarf der ausdr\u00fccklichen vorherigen Zustimmung des Betreibers. Diese Angabe erfolgt gem\u00e4\u00df \u00a7 6 Anbieterkennzeichnung des TDG (Teledienstgesetz).<\/p>\n\n\n\n<p>&#8212;&#8212;&#8212;&#8212;&#8212;&#8212;&#8212;&#8212;&#8212;&#8212;&#8212;&#8212;&#8212;&#8212;&#8212;&#8212;&#8212;&#8212;&#8212;&#8212;&#8212;&#8212;&#8212;&#8212;&#8212;&#8212;&#8211;<\/p>\n\n\n\n<p><strong>1. Inhalt des Onlineangebotes:<\/strong><\/p>\n\n\n\n<p>Der Autor \u00fcbernimmt keinerlei Gew\u00e4hr f\u00fcr die Aktualit\u00e4t, Korrektheit, Vollst\u00e4ndigkeit oder Qualit\u00e4t der bereitgestellten Informationen. Haftungsanspr\u00fcche gegen den Autor, welche sich auf Sch\u00e4den materieller oder ideeller Art beziehen, die durch die Nutzung oder Nichtnutzung der dargebotenen Informationen bzw. durch die Nutzung fehlerhafter und unvollst\u00e4ndiger Informationen verursacht wurden, sind grunds\u00e4tzlich ausgeschlossen, sofern seitens des Autors kein nachweislich vors\u00e4tzliches oder grob fahrl\u00e4ssiges Verschulden vorliegt. Alle Angebote sind freibleibend und unverbindlich. Der Autor beh\u00e4lt es sich ausdr\u00fccklich vor, Teile der Seiten oder das gesamte Angebot ohne gesonderte Ank\u00fcndigung zu ver\u00e4ndern, zu erg\u00e4nzen, zu l\u00f6schen oder die Ver\u00f6ffentlichung zeitweise oder endg\u00fcltig einzustellen.<\/p>\n\n\n\n<p>&#8212;&#8212;&#8212;&#8212;&#8212;&#8212;&#8212;&#8212;&#8212;&#8212;&#8212;&#8212;&#8212;&#8212;&#8212;&#8212;&#8212;&#8212;&#8212;&#8212;&#8212;&#8212;&#8212;&#8212;&#8212;&#8212;&#8211;<\/p>\n\n\n\n<p><strong>2. Urheber- und Kennzeichenrecht:<\/strong><\/p>\n\n\n\n<p>Der Autor ist bestrebt, in allen Publikationen die Urheberrechte der verwendeten Grafiken, Tondokumente, Videosequenzen und Texte zu beachten, von ihm selbst erstellte Grafiken, Tondokumente, Videosequenzen und Texte zu nutzen oder auf lizenzfreie Grafiken, Tondokumente, Videosequenzen und Texte zur\u00fcckzugreifen. Alle innerhalb des Internetangebotes genannten und ggf. durch Dritte gesch\u00fctzten Marken- und Warenzeichen unterliegen uneingeschr\u00e4nkt den Bestimmungen des jeweils g\u00fcltigen Kennzeichenrechts und den Besitzrechten der jeweiligen eingetragenen Eigent\u00fcmer. Allein aufgrund der blo\u00dfen Nennung ist nicht der Schluss zu ziehen, dass Markenzeichen nicht durch Rechte Dritter gesch\u00fctzt sind! Das Copyright f\u00fcr ver\u00f6ffentlichte, vom Autor selbst erstellte Objekte bleibt allein beim Autor der Seiten. Eine Vervielf\u00e4ltigung oder Verwendung solcher Grafiken, Tondokumente, Videosequenzen und Texte in anderen elektronischen oder gedruckten Publikationen ist ohne ausdr\u00fcckliche Zustimmung des Autors nicht gestattet.<\/p>\n\n\n\n<p>&#8212;&#8212;&#8212;&#8212;&#8212;&#8212;&#8212;&#8212;&#8212;&#8212;&#8212;&#8212;&#8212;&#8212;&#8212;&#8212;&#8212;&#8212;&#8212;&#8212;&#8212;&#8212;&#8212;&#8212;&#8212;&#8212;&#8211;<\/p>\n\n\n\n<p><strong>3. Verweise und Links<\/strong>:<\/p>\n\n\n\n<p>Bei direkten oder indirekten Verweisen auf fremde Internetseiten (&#8222;Links&#8220;), die au\u00dferhalb des Verantwortungsbereiches des Autors liegen, w\u00fcrde eine Haftungsverpflichtung ausschlie\u00dflich in dem Fall in Kraft treten, in dem der Autor von den Inhalten Kenntnis hat und es ihm technisch m\u00f6glich und zumutbar w\u00e4re, die Nutzung im Falle rechtswidriger Inhalte zu verhindern. Der Autor erkl\u00e4rt daher ausdr\u00fccklich, dass zum Zeitpunkt der Linksetzung die entsprechenden verlinkten Seiten frei von illegalen Inhalten waren. Der Autor hat keinerlei Einfluss auf die aktuelle und zuk\u00fcnftige Gestaltung und auf die Inhalte der gelinkten \/ verkn\u00fcpften Seiten. Deshalb distanziert er sich hiermit ausdr\u00fccklich von allen Inhalten aller gelinkten \/ verkn\u00fcpften Seiten, die nach der Linksetzung ver\u00e4ndert wurden. Diese Feststellung gilt f\u00fcr alle innerhalb des eigenen Internetangebotes gesetzten Links und Verweise sowie f\u00fcr Fremdeintr\u00e4ge in vom Autor eingerichteten G\u00e4steb\u00fcchern, Diskussionsforen und Mailinglisten. F\u00fcr illegale, fehlerhafte oder unvollst\u00e4ndige Inhalte und insbesondere f\u00fcr Sch\u00e4den, die aus der Nutzung oder Nichtnutzung solcherart dargebotener Informationen entstehen, haftet allein der Anbieter der Seite, auf welche verwiesen wurde, nicht derjenige, der \u00fcber Links auf die jeweilige Ver\u00f6ffentlichung lediglich verweist.<\/p>\n\n\n\n<p>&#8212;&#8212;&#8212;&#8212;&#8212;&#8212;&#8212;&#8212;&#8212;&#8212;&#8212;&#8212;&#8212;&#8212;&#8212;&#8212;&#8212;&#8212;&#8212;&#8212;&#8212;&#8212;&#8212;&#8212;&#8212;&#8212;&#8211;<\/p>\n\n\n\n<p><strong>4. Rechtswirksamkeit dieses Haftungsausschlusses:<\/strong><\/p>\n\n\n\n<p>Dieser Haftungsausschluss ist als Teil des Internetangebotes zu betrachten, von dem aus auf diese Seite verwiesen wurde. Sofern Teile oder einzelne Formulierungen dieses Textes der geltenden Rechtslage nicht, nicht mehr oder nicht vollst\u00e4ndig entsprechen sollten, bleiben die \u00fcbrigen Teile des Dokumentes in ihrem Inhalt und ihrer G\u00fcltigkeit davon unber\u00fchrt.<\/p>\n","protected":false},"excerpt":{"rendered":"<p>Datenschutzerkl\u00e4rung &#8212;&#8212;&#8212;&#8212;&#8212;&#8212;&#8212;&#8212;&#8212;&#8212;&#8212;&#8212;&#8212;&#8212;&#8212;&#8212;&#8212;&#8212;&#8212;&#8212;&#8212;&#8212;&#8212;&#8212;&#8212;&#8212;&#8211; 1. Verantwortlicher f\u00fcr alle Datenverarbeitungsprozesse: Uwe Krohne * Am Steinbrink 15 * 31840 Hess. Oldendorf * info@weserbergland-randonneur.de &#8212;&#8212;&#8212;&#8212;&#8212;&#8212;&#8212;&#8212;&#8212;&#8212;&#8212;&#8212;&#8212;&#8212;&#8212;&#8212;&#8212;&#8212;&#8212;&#8212;&#8212;&#8212;&#8212;&#8212;&#8212;&#8212;&#8211; 2. Verantwortlicher f\u00fcr den Datenschutz: Uwe Krohne * Am Steinbrink 15 * 31840 Hess. Oldendorf * info@uwekrohne.de &#8212;&#8212;&#8212;&#8212;&#8212;&#8212;&#8212;&#8212;&#8212;&#8212;&#8212;&#8212;&#8212;&#8212;&#8212;&#8212;&#8212;&#8212;&#8212;&#8212;&#8212;&#8212;&#8212;&#8212;&#8212;&#8212;&#8211; 3. Grunds\u00e4tzliches zur Datenverarbeitung: Diese Webseite dient nicht der Erfassung pers\u00f6nlicher Daten von Webseitenbesuchern. Es existieren keine [&hellip;]<\/p>\n","protected":false},"author":1,"featured_media":0,"parent":0,"menu_order":0,"comment_status":"closed","ping_status":"open","template":"","meta":{"_uag_custom_page_level_css":"","site-sidebar-layout":"default","site-content-layout":"","ast-site-content-layout":"default","site-content-style":"default","site-sidebar-style":"default","ast-global-header-display":"","ast-banner-title-visibility":"","ast-main-header-display":"","ast-hfb-above-header-display":"","ast-hfb-below-header-display":"","ast-hfb-mobile-header-display":"","site-post-title":"","ast-breadcrumbs-content":"","ast-featured-img":"","footer-sml-layout":"","ast-disable-related-posts":"","theme-transparent-header-meta":"","adv-header-id-meta":"","stick-header-meta":"","header-above-stick-meta":"","header-main-stick-meta":"","header-below-stick-meta":"","astra-migrate-meta-layouts":"set","ast-page-background-enabled":"default","ast-page-background-meta":{"desktop":{"background-color":"","background-image":"","background-repeat":"repeat","background-position":"center center","background-size":"auto","background-attachment":"scroll","background-type":"","background-media":"","overlay-type":"","overlay-color":"","overlay-opacity":"","overlay-gradient":""},"tablet":{"background-color":"","background-image":"","background-repeat":"repeat","background-position":"center center","background-size":"auto","background-attachment":"scroll","background-type":"","background-media":"","overlay-type":"","overlay-color":"","overlay-opacity":"","overlay-gradient":""},"mobile":{"background-color":"","background-image":"","background-repeat":"repeat","background-position":"center center","background-size":"auto","background-attachment":"scroll","background-type":"","background-media":"","overlay-type":"","overlay-color":"","overlay-opacity":"","overlay-gradient":""}},"ast-content-background-meta":{"desktop":{"background-color":"var(--ast-global-color-5)","background-image":"","background-repeat":"repeat","background-position":"center center","background-size":"auto","background-attachment":"scroll","background-type":"","background-media":"","overlay-type":"","overlay-color":"","overlay-opacity":"","overlay-gradient":""},"tablet":{"background-color":"var(--ast-global-color-5)","background-image":"","background-repeat":"repeat","background-position":"center center","background-size":"auto","background-attachment":"scroll","background-type":"","background-media":"","overlay-type":"","overlay-color":"","overlay-opacity":"","overlay-gradient":""},"mobile":{"background-color":"var(--ast-global-color-5)","background-image":"","background-repeat":"repeat","background-position":"center center","background-size":"auto","background-attachment":"scroll","background-type":"","background-media":"","overlay-type":"","overlay-color":"","overlay-opacity":"","overlay-gradient":""}},"footnotes":""},"class_list":["post-3","page","type-page","status-publish","hentry"],"aioseo_notices":[],"_hostinger_reach_plugin_has_subscription_block":false,"_hostinger_reach_plugin_is_elementor":false,"uagb_featured_image_src":{"full":false,"thumbnail":false,"medium":false,"medium_large":false,"large":false,"1536x1536":false,"2048x2048":false,"woocommerce_thumbnail":false,"woocommerce_single":false,"woocommerce_gallery_thumbnail":false},"uagb_author_info":{"display_name":"info@uwekrohne.de","author_link":"https:\/\/ara-weserbergland.de\/?author=1"},"uagb_comment_info":0,"uagb_excerpt":"Datenschutzerkl\u00e4rung &#8212;&#8212;&#8212;&#8212;&#8212;&#8212;&#8212;&#8212;&#8212;&#8212;&#8212;&#8212;&#8212;&#8212;&#8212;&#8212;&#8212;&#8212;&#8212;&#8212;&#8212;&#8212;&#8212;&#8212;&#8212;&#8212;&#8211; 1. Verantwortlicher f\u00fcr alle Datenverarbeitungsprozesse: Uwe Krohne * Am Steinbrink 15 * 31840 Hess. Oldendorf * info@weserbergland-randonneur.de &#8212;&#8212;&#8212;&#8212;&#8212;&#8212;&#8212;&#8212;&#8212;&#8212;&#8212;&#8212;&#8212;&#8212;&#8212;&#8212;&#8212;&#8212;&#8212;&#8212;&#8212;&#8212;&#8212;&#8212;&#8212;&#8212;&#8211; 2. Verantwortlicher f\u00fcr den Datenschutz: Uwe Krohne * Am Steinbrink 15 * 31840 Hess. Oldendorf * info@uwekrohne.de &#8212;&#8212;&#8212;&#8212;&#8212;&#8212;&#8212;&#8212;&#8212;&#8212;&#8212;&#8212;&#8212;&#8212;&#8212;&#8212;&#8212;&#8212;&#8212;&#8212;&#8212;&#8212;&#8212;&#8212;&#8212;&#8212;&#8211; 3. Grunds\u00e4tzliches zur Datenverarbeitung: Diese Webseite dient nicht der Erfassung pers\u00f6nlicher Daten von Webseitenbesuchern. Es existieren keine&hellip;","_links":{"self":[{"href":"https:\/\/ara-weserbergland.de\/index.php?rest_route=\/wp\/v2\/pages\/3","targetHints":{"allow":["GET"]}}],"collection":[{"href":"https:\/\/ara-weserbergland.de\/index.php?rest_route=\/wp\/v2\/pages"}],"about":[{"href":"https:\/\/ara-weserbergland.de\/index.php?rest_route=\/wp\/v2\/types\/page"}],"author":[{"embeddable":true,"href":"https:\/\/ara-weserbergland.de\/index.php?rest_route=\/wp\/v2\/users\/1"}],"replies":[{"embeddable":true,"href":"https:\/\/ara-weserbergland.de\/index.php?rest_route=%2Fwp%2Fv2%2Fcomments&post=3"}],"version-history":[{"count":3,"href":"https:\/\/ara-weserbergland.de\/index.php?rest_route=\/wp\/v2\/pages\/3\/revisions"}],"predecessor-version":[{"id":2981,"href":"https:\/\/ara-weserbergland.de\/index.php?rest_route=\/wp\/v2\/pages\/3\/revisions\/2981"}],"wp:attachment":[{"href":"https:\/\/ara-weserbergland.de\/index.php?rest_route=%2Fwp%2Fv2%2Fmedia&parent=3"}],"curies":[{"name":"wp","href":"https:\/\/api.w.org\/{rel}","templated":true}]}}