{"id":2741,"date":"2026-01-02T17:51:22","date_gmt":"2026-01-02T17:51:22","guid":{"rendered":"https:\/\/moccasin-spoonbill-314886.hostingersite.com\/?page_id=2741"},"modified":"2026-04-04T19:43:35","modified_gmt":"2026-04-04T17:43:35","slug":"termin_2026_1000","status":"publish","type":"page","link":"https:\/\/ara-weserbergland.de\/?page_id=2741","title":{"rendered":"Termin_2026_1000"},"content":{"rendered":"\n<p><\/p>\n\n\n\n<div class=\"wp-block-uagb-container uagb-block-5f091847 alignfull uagb-is-root-container\"><div class=\"uagb-container-inner-blocks-wrap\">\n<div class=\"wp-block-uagb-container uagb-block-69fb8894\">\n<div class=\"wp-block-uagb-advanced-heading uagb-block-6c73f220\"><h2 class=\"uagb-heading-text\">Weserbergland-Brevet 1000 &#8218;Engernlandrundfahrt&#8216;<\/h2><\/div>\n\n\n\n<div class=\"wp-block-uagb-info-box uagb-block-b25bb9c6 uagb-infobox__content-wrap  uagb-infobox-icon-above-title uagb-infobox-image-valign-top\"><div class=\"uagb-ifb-content\"><div class=\"uagb-ifb-title-wrap\"><\/div><p class=\"uagb-ifb-desc\">In diesem Jahr wird erstmalig ein 1000km-Brevet im Weserbergland organisiert. Die H\u00f6henkontur unterscheidet sich massiv von dem gewohnten Weserberglandprofil. Zwei Drittel der Route sind wirklich flach und f\u00f6rdern das &#8218;Kilometermachen&#8216; zu Beginn des Brevets. Damit soll auch Neueinsteigern die Hemmschwelle genommen werden, sich bei l\u00e4ngeren Brevets anzumelden.<br>Aber was ist eigentlich eine Rundfahrt durch das Engernland? Und was hat es mit diesen Engern auf sich? <br>Vielen ist sicherlich Westfalen ein Begriff. Und &#8211; besonders ARA-Randonneuren &#8211; auch Ostfalen. Beides sind Gebiete s\u00e4chsischer V\u00f6lker, die Niederdeutsch (=Plattdeutsch) sprechen. Und die Sachsen zwischen den West- und den Ostfalen wurden nicht etwa die &#8218;Mittelfalen&#8216; genannt, sondern die E-N-G-E-R-N !&nbsp;<br>Wer schon im Weserbergland gefahren ist, erinnert sich vielleicht auch an gleichnamige Ortschaften.&nbsp;<br>Das Land der Engern erstreckte sich vom Beginn der Weser bis zur Nordsee und weiter bis nach Holstein. Eben bis zur Schlei, wo das Gebiet der Angeln anf\u00e4ngt. Und genau diesen norddeutschen Bereich wollen wir einmal unter die R\u00e4der nehmen. Der Begriff Engern ist ganz einfach nicht mehr so gel\u00e4ufig wie Westfalen, welches Teil eines Bundeslandnamens ist.<br><br>Es wird in Gro\u00dfenwieden einen Nachtstart von Freitag auf Samstag geben. Weitere Streckeninformationen zur Planung eventueller \u00dcbernachtungen gibt es im Fr\u00fchjahr. Einheimische Randonneure k\u00f6nnen auch zwischen 06:00 und 07:00 Uhr starten.<\/p><\/div><\/div>\n\n\n\n<div class=\"wp-block-uagb-info-box uagb-block-a46deb76 uagb-infobox__content-wrap  uagb-infobox-icon-above-title uagb-infobox-image-valign-top\"><div class=\"uagb-ifb-content\"><div class=\"uagb-ifb-image-content\"><img decoding=\"async\" src=\"https:\/\/ara-weserbergland.de\/wp-content\/uploads\/2026\/04\/Sachsen_Staemme-1-1000x1024.jpg\" alt=\"\" width=\"\" height=\"0\" loading=\"lazy\"\/><\/div><div class=\"uagb-ifb-title-wrap\"><\/div><p class=\"uagb-ifb-desc\"><br><\/p><\/div><\/div>\n<\/div>\n\n\n\n<div class=\"wp-block-uagb-info-box uagb-block-dbf8fcdf uagb-infobox__content-wrap  uagb-infobox-icon-above-title uagb-infobox-image-valign-top\"><div class=\"uagb-ifb-content\"><div class=\"uagb-ifb-title-wrap\"><h3 class=\"uagb-ifb-title\">Geplante Startzeit: 04.07.2026  0:00 Uhr in Gro\u00dfenwieden<\/h3><\/div><p class=\"uagb-ifb-desc\">Eventuell unterschiedliche Startzeiten f\u00fcr einzelne Startgruppen werden nach der Anmeldung mitgeteilt. Randonneure d\u00fcrfen bei der Anmeldung W\u00fcnsche \u00e4u\u00dfern.<\/p><\/div><\/div>\n\n\n\n<div class=\"wp-block-uagb-info-box uagb-block-8ade044d uagb-infobox__content-wrap  uagb-infobox-icon-above-title uagb-infobox-image-valign-top\"><div class=\"uagb-ifb-content\"><div class=\"uagb-ifb-title-wrap\"><h3 class=\"uagb-ifb-title\">Anmeldestart: 01.06.2026, ab 08:00 Uhr<\/h3><\/div><p class=\"uagb-ifb-desc\">Die Anmeldung erfolgt zwischen erstem und achtundzwanzigstem Juni \u00fcber diese Seite. Jeder korrekt angemeldete Startwillige bekommt eine Startm\u00f6glichkeit.<\/p><\/div><\/div>\n\n\n\n<div class=\"wp-block-uagb-countdown uagb-block-e4569bd8\"><div class=\"wp-block-uagb-countdown__box wp-block-uagb-countdown__box-days\"><div role=\"timer\" aria-live=\"off\" class=\"wp-block-uagb-countdown__time wp-block-uagb-countdown__time-days\">&#8211;<\/div><div class=\"wp-block-uagb-countdown__label\">DAYS<\/div><\/div><div class=\"wp-block-uagb-countdown__box wp-block-uagb-countdown__box-hours\"><div role=\"timer\" aria-live=\"off\" class=\"wp-block-uagb-countdown__time wp-block-uagb-countdown__time-hours\">&#8211;<\/div><div class=\"wp-block-uagb-countdown__label\">HOURS<\/div><\/div><div class=\"wp-block-uagb-countdown__box wp-block-uagb-countdown__box-minutes\"><div role=\"timer\" aria-live=\"off\" class=\"wp-block-uagb-countdown__time wp-block-uagb-countdown__time-minutes\">&#8211;<\/div><div class=\"wp-block-uagb-countdown__label\">MINUTES<\/div><\/div><div class=\"wp-block-uagb-countdown__box wp-block-uagb-countdown__box-seconds\"><div role=\"timer\" aria-live=\"off\" class=\"wp-block-uagb-countdown__time wp-block-uagb-countdown__time-seconds\">&#8211;<\/div><div class=\"wp-block-uagb-countdown__label\">SECONDS<\/div><\/div><\/div>\n\n\n\n<div class=\"wp-block-uagb-info-box uagb-block-3eda4575 uagb-infobox__content-wrap  uagb-infobox-icon-above-title uagb-infobox-image-valign-top\"><div class=\"uagb-ifb-content\"><div class=\"uagb-ifb-title-wrap\"><h3 class=\"uagb-ifb-title\">Kontrollstempelablauf: Verwendung der Digitalen Brevetkarte<\/h3><\/div><p class=\"uagb-ifb-desc\">Die seit 2021 wiederholt eingesetzte Digitale Brevetkarte, welche \u00fcber ein durch den Randonneur mitzuf\u00fchrendes Smartphone bedient wird, hat sich bew\u00e4hrt und wird weiterhin verwendet. So noch nicht geschehen, sollten sich alle Starter mit den relevanten Abl\u00e4ufen vertraut machen und deren Verwendbarkeit hinsichtlich der Sicherheitseinstellungen schon TAGE VOR DEM START  pr\u00fcfen und sicherstellen.<br><br>Es gilt:<br>&#8211; Jeder Starter bekommt nach erfolgreich homologisiertem Brevet die gewohnte Papp-Stempelkarte mit seinen Daten per Briefpost zugesendet &#8211; auch die digitalaffinsten Smartphone-Nerds<br>&#8211; Jeder Starter startet mit einer zus\u00e4tzlichen Papier-Stempelkarte, auf welcher physische Stempelungen oder Kontrollzangeneindrucke dokumentiert werden k\u00f6nnen, falls es an den Kontrollstellen Netzprobleme gibt<br>&#8211; Am Startort Gro\u00dfenwieden gibt es in diesem Jahr einen Gastzugang-Hotspot, \u00fcber welchen Randonneure mit schlechtem GSM-Zugang sicher ihren Brevetstart ausl\u00f6sen k\u00f6nnen<\/p><\/div><\/div>\n\n\n\n<div class=\"wp-block-uagb-image uagb-block-460bd37b wp-block-uagb-image--layout-default wp-block-uagb-image--effect-static wp-block-uagb-image--align-none\"><figure class=\"wp-block-uagb-image__figure\"><img loading=\"lazy\" decoding=\"async\" srcset=\"https:\/\/ara-weserbergland.de\/wp-content\/uploads\/2026\/01\/ARA-1000er-813x1024.jpg ,https:\/\/ara-weserbergland.de\/wp-content\/uploads\/2026\/01\/ARA-1000er.jpg 780w, https:\/\/ara-weserbergland.de\/wp-content\/uploads\/2026\/01\/ARA-1000er.jpg 360w\" sizes=\"auto, (max-width: 480px) 150px\" src=\"https:\/\/ara-weserbergland.de\/wp-content\/uploads\/2026\/01\/ARA-1000er-813x1024.jpg\" alt=\"\" class=\"uag-image-2964\" width=\"813\" height=\"1024\" title=\"ARA-1000er\" loading=\"lazy\" role=\"img\"\/><\/figure><\/div>\n\n\n\n<div class=\"wp-block-uagb-buttons uagb-buttons__outer-wrap uagb-btn__default-btn uagb-btn-tablet__default-btn uagb-btn-mobile__default-btn uagb-block-40e869f6\"><div class=\"uagb-buttons__wrap uagb-buttons-layout-wrap \">\n<div class=\"wp-block-uagb-buttons-child uagb-buttons__outer-wrap uagb-block-76fa1fcf wp-block-button\"><div class=\"uagb-button__wrapper\"><a class=\"uagb-buttons-repeater wp-block-button__link\" aria-label=\"\" href=\"https:\/\/ara-weserbergland.de\/?page_id=3061\" rel=\"follow noopener\" target=\"_self\" role=\"button\"><div class=\"uagb-button__link\">Geschichtlicher Hintergrund zur Strecke<\/div><\/a><\/div><\/div>\n<\/div><\/div>\n\n\n\n<div class=\"wp-block-uagb-container uagb-block-bc235c8a\">\n<div class=\"wp-block-columns is-layout-flex wp-container-core-columns-is-layout-28f84493 wp-block-columns-is-layout-flex\">\n<div class=\"wp-block-column is-layout-flow wp-block-column-is-layout-flow\">\n<div class=\"wp-block-uagb-info-box uagb-block-4849ea12 uagb-infobox__content-wrap  uagb-infobox-icon-above-title uagb-infobox-image-valign-top\"><div class=\"uagb-ifb-content\"><div class=\"uagb-ifb-title-wrap\"><h3 class=\"uagb-ifb-title\">Wie erfolgt die Navigation?<\/h3><\/div><p class=\"uagb-ifb-desc\">F\u00fcr dieses Brevet werden wieder die bew\u00e4hrten Streckenunterlagen wie<br><br>&#8211; Roadbook<br>&#8211; Strecken-\u00dcbersichtskarte<br>&#8211; Kontrollstellenplan<br><br>in der Vorwoche als Download auf dieser Seite bereitgestellt. Der Starter kann sich die Dokumente dann selbst ausdrucken und zum Brevetstart mitbringen. Das Roadbook wird nicht ganz so ausf\u00fchrlich sein, wie gewohnt. Das liegt daran, dass Randonneure je nach Windrichtung und Fahrzeugart die Strecke etwas variieren d\u00fcrfen. Also &#8218;vor dem Deich bei den freundlichen Schafsrasenm\u00e4hern&#8216;, &#8218;auf dem Deich&#8216; oder &#8211; windgesch\u00fctzt &#8211; hinter dem Deich. Auch die Rolltreppe am Nord\/Ostsee-Kanaltunnel ist f\u00fcr Liegeradler zu gef\u00e4hrlich. Bei mangelnder Ortskenntnis w\u00e4re hier ein Navi-Ger\u00e4t also durchaus angebracht.<\/p><\/div><\/div>\n\n\n\n<div class=\"wp-block-uagb-info-box uagb-block-f6d7ab65 uagb-infobox__content-wrap  uagb-infobox-icon-above-title uagb-infobox-image-valign-top\"><div class=\"uagb-ifb-content\"><div class=\"uagb-ifb-title-wrap\"><h3 class=\"uagb-ifb-title\">Werden GPS-Daten gestellt?<\/h3><\/div><p class=\"uagb-ifb-desc\">Mittlerweile gibt es kaum noch Randonneure, die ohne Smartphone oder Naviger\u00e4t durch das Leben finden . . . . deshalb werden in der Vorwoche auf dieser Seite ebenfalls<br><br>&#8211; GPX-Daten<br>&#8211; Link zu komoot-Track<br><br>zum Download bereitgestellt.<br><\/p><\/div><\/div>\n<\/div>\n\n\n\n<div class=\"wp-block-column is-layout-flow wp-block-column-is-layout-flow\" style=\"flex-basis:33%\">\n<div class=\"wp-block-uagb-image uagb-block-4c07b1e6 wp-block-uagb-image--layout-default wp-block-uagb-image--effect-static wp-block-uagb-image--align-none\"><figure class=\"wp-block-uagb-image__figure\"><img loading=\"lazy\" decoding=\"async\" srcset=\"https:\/\/ara-weserbergland.de\/wp-content\/uploads\/2026\/01\/Streckenplan-731x1024.jpg ,https:\/\/ara-weserbergland.de\/wp-content\/uploads\/2026\/01\/Streckenplan.jpg 780w, https:\/\/ara-weserbergland.de\/wp-content\/uploads\/2026\/01\/Streckenplan.jpg 360w\" sizes=\"auto, (max-width: 480px) 150px\" src=\"https:\/\/ara-weserbergland.de\/wp-content\/uploads\/2026\/01\/Streckenplan-731x1024.jpg\" alt=\"\" class=\"uag-image-2784\" width=\"731\" height=\"1024\" title=\"Streckenplan\" loading=\"lazy\" role=\"img\"\/><\/figure><\/div>\n<\/div>\n<\/div>\n\n\n\n<div class=\"wp-block-file\"><a id=\"wp-block-file--media-f3056f27-b5ff-409d-a79c-08155cd1fbc0\" href=\"https:\/\/ara-weserbergland.de\/wp-content\/uploads\/2026\/01\/Streckenzeitplan1000Weserbergland26.xls\">Streckenzeitplan1000Weserbergland26<\/a><a href=\"https:\/\/ara-weserbergland.de\/wp-content\/uploads\/2026\/01\/Streckenzeitplan1000Weserbergland26.xls\" class=\"wp-block-file__button wp-element-button\" download aria-describedby=\"wp-block-file--media-f3056f27-b5ff-409d-a79c-08155cd1fbc0\">Strecken-Zeitplanung <br>Herunterladen<\/a><\/div>\n<\/div>\n\n\n\n<div class=\"wp-block-uagb-container uagb-block-6c5f228a\">\n<div class=\"wp-block-columns is-layout-flex wp-container-core-columns-is-layout-28f84493 wp-block-columns-is-layout-flex\">\n<div class=\"wp-block-column is-layout-flow wp-block-column-is-layout-flow\" style=\"flex-basis:33%\">\n<div class=\"wp-block-uagb-image uagb-block-469c1390 wp-block-uagb-image--layout-default wp-block-uagb-image--effect-static wp-block-uagb-image--align-none\"><figure class=\"wp-block-uagb-image__figure\"><img loading=\"lazy\" decoding=\"async\" srcset=\"https:\/\/ara-weserbergland.de\/wp-content\/uploads\/2026\/01\/GrossProblem.jpg ,https:\/\/ara-weserbergland.de\/wp-content\/uploads\/2026\/01\/GrossProblem.jpg 780w, https:\/\/ara-weserbergland.de\/wp-content\/uploads\/2026\/01\/GrossProblem.jpg 360w\" sizes=\"auto, (max-width: 480px) 150px\" src=\"https:\/\/ara-weserbergland.de\/wp-content\/uploads\/2026\/01\/GrossProblem.jpg\" alt=\"\" class=\"uag-image-2755\" width=\"731\" height=\"1024\" title=\"GrossProblem\" loading=\"lazy\" role=\"img\"\/><\/figure><\/div>\n<\/div>\n\n\n\n<div class=\"wp-block-column is-layout-flow wp-block-column-is-layout-flow\">\n<div class=\"wp-block-uagb-info-box uagb-block-140fee38 uagb-infobox__content-wrap  uagb-infobox-icon-above-title uagb-infobox-image-valign-top\"><div class=\"uagb-ifb-content\"><div class=\"uagb-ifb-title-wrap\"><h3 class=\"uagb-ifb-title\">Startplatzsorgen?<\/h3><\/div><p class=\"uagb-ifb-desc\">n diesem Jahr hat es ja bereits an einigen Startorten binnen Minuten komplette Brevet-\u00dcberbuchungen mit Wartelisten u.\u00c4. gegeben. <br><strong>Bitte deshalb nicht in Panik verfallen<\/strong>. Weserbergland-Brevets sind wie klassische &#8218;ShoeString-Brevets&#8216; organisiert. Dass hei\u00dft, es werden durch den Organisator am Start keine Umkleide-\/Sanit\u00e4r-Schlafkapazit\u00e4ten bereitgestellt, welche \u00fcberf\u00fcllt werden k\u00f6nnten. Der Starter hat fertig aufgebrezelt am Startort zu erscheinen, startet seinen Brevet mit dem Smartphone und kann zur festgelegten Startzeit losfahren.<br><strong>Deshalb kann sich jeder Starter &#8211; so er sich bis eine Woche vor dem Starttermin ordentlich anmeldet &#8211; sicher sein, einen Startplatz zu bekommen.<\/strong><br>Der Organisator beh\u00e4lt sich vor, Starter verschiedenen Startgruppen zuzuweisen, welche zeitlich versetzt freigegeben werden.<br>Starter, welche mit dem Automobil anreisen wollen, bekommen mit Sicherheit einen Parkplatz vor Ort. Bitte dazu einfach beim Organisator melden. Dieser ist jederzeit vor Ort erreichbar.<br><\/p><\/div><\/div>\n<\/div>\n<\/div>\n<\/div>\n\n\n\n<div class=\"wp-block-uagb-slider uagb-block-a4f5a1c8 uagb-slider-container\"><div class=\"uagb-slides uagb-swiper\"><div class=\"swiper-wrapper\">\n<div class=\"wp-block-uagb-slider-child uagb-slider-child-wrap swiper-slide uagb-block-aad18c59\"><div class=\"swiper-content\">\n<div class=\"wp-block-uagb-container uagb-block-a07d7543\">\n<div class=\"wp-block-uagb-info-box uagb-block-849cce27 uagb-infobox__content-wrap  uagb-infobox-icon-above-title uagb-infobox-image-valign-top\"><div class=\"uagb-ifb-content\"><div class=\"uagb-ifb-image-content\"><img decoding=\"async\" src=\"https:\/\/ara-weserbergland.de\/wp-content\/uploads\/2026\/01\/HunteSperrwerk-737x1024.jpg\" alt=\"\" width=\"\" height=\"0\" loading=\"lazy\"\/><\/div><div class=\"uagb-ifb-title-wrap\"><\/div><\/div><\/div>\n<\/div>\n<\/div><\/div>\n\n\n\n<div class=\"wp-block-uagb-slider-child uagb-slider-child-wrap swiper-slide uagb-block-2b87ec4f\"><div class=\"swiper-content\">\n<div class=\"wp-block-uagb-container uagb-block-131ea691\">\n<div class=\"wp-block-uagb-info-box uagb-block-b4f6ba95 uagb-infobox__content-wrap  uagb-infobox-icon-above-title uagb-infobox-image-valign-top\"><div class=\"uagb-ifb-content\"><div class=\"uagb-ifb-image-content\"><img decoding=\"async\" src=\"https:\/\/ara-weserbergland.de\/wp-content\/uploads\/2026\/01\/WeserfaehreNordenham-1024x768.jpg\" alt=\"\" width=\"\" height=\"0\" loading=\"lazy\"\/><\/div><div class=\"uagb-ifb-title-wrap\"><\/div><\/div><\/div>\n<\/div>\n<\/div><\/div>\n\n\n\n<div class=\"wp-block-uagb-slider-child uagb-slider-child-wrap swiper-slide uagb-block-16c56487\"><div class=\"swiper-content\">\n<div class=\"wp-block-uagb-container uagb-block-5e01939c\">\n<div class=\"wp-block-uagb-info-box uagb-block-ffda06c6 uagb-infobox__content-wrap  uagb-infobox-icon-above-title uagb-infobox-image-valign-top\"><div class=\"uagb-ifb-content\"><div class=\"uagb-ifb-image-content\"><img decoding=\"async\" src=\"https:\/\/ara-weserbergland.de\/wp-content\/uploads\/2026\/01\/FreihafenBremerhaven-1024x576.jpg\" alt=\"\" width=\"\" height=\"0\" loading=\"lazy\"\/><\/div><div class=\"uagb-ifb-title-wrap\"><\/div><\/div><\/div>\n<\/div>\n<\/div><\/div>\n\n\n\n<div class=\"wp-block-uagb-slider-child uagb-slider-child-wrap swiper-slide uagb-block-ee3b45e3\"><div class=\"swiper-content\">\n<div class=\"wp-block-uagb-container uagb-block-6a5b8964\">\n<div class=\"wp-block-uagb-info-box uagb-block-5cdb87b9 uagb-infobox__content-wrap  uagb-infobox-icon-above-title uagb-infobox-image-valign-top\"><div class=\"uagb-ifb-content\"><div class=\"uagb-ifb-image-content\"><img decoding=\"async\" src=\"https:\/\/ara-weserbergland.de\/wp-content\/uploads\/2026\/01\/Cuxhaven1-768x1024.jpg\" alt=\"\" width=\"\" height=\"0\" loading=\"lazy\"\/><\/div><div class=\"uagb-ifb-title-wrap\"><\/div><\/div><\/div>\n<\/div>\n<\/div><\/div>\n\n\n\n<div class=\"wp-block-uagb-slider-child uagb-slider-child-wrap swiper-slide uagb-block-ecb86144\"><div class=\"swiper-content\">\n<div class=\"wp-block-uagb-container uagb-block-bcfdc808\">\n<div class=\"wp-block-uagb-info-box uagb-block-5f3d8a0b uagb-infobox__content-wrap  uagb-infobox-icon-above-title uagb-infobox-image-valign-top\"><div class=\"uagb-ifb-content\"><div class=\"uagb-ifb-image-content\"><img decoding=\"async\" src=\"https:\/\/ara-weserbergland.de\/wp-content\/uploads\/2026\/01\/ElbfaehreWischhafen-1024x768.jpg\" alt=\"\" width=\"\" height=\"0\" loading=\"lazy\"\/><\/div><div class=\"uagb-ifb-title-wrap\"><\/div><\/div><\/div>\n<\/div>\n<\/div><\/div>\n\n\n\n<div class=\"wp-block-uagb-slider-child uagb-slider-child-wrap swiper-slide uagb-block-2a5e28dd\"><div class=\"swiper-content\">\n<div class=\"wp-block-uagb-container uagb-block-7f342e38\">\n<div class=\"wp-block-uagb-info-box uagb-block-a3c33731 uagb-infobox__content-wrap  uagb-infobox-icon-above-title uagb-infobox-image-valign-top\"><div class=\"uagb-ifb-content\"><div class=\"uagb-ifb-image-content\"><img decoding=\"async\" src=\"https:\/\/ara-weserbergland.de\/wp-content\/uploads\/2026\/01\/RendsburgKanaltunnel-1024x768.jpg\" alt=\"\" width=\"\" height=\"0\" loading=\"lazy\"\/><\/div><div class=\"uagb-ifb-title-wrap\"><\/div><\/div><\/div>\n<\/div>\n<\/div><\/div>\n\n\n\n<div class=\"wp-block-uagb-slider-child uagb-slider-child-wrap swiper-slide uagb-block-d37cdd24\"><div class=\"swiper-content\">\n<div class=\"wp-block-uagb-container uagb-block-415c7c8c\">\n<div class=\"wp-block-uagb-info-box uagb-block-13372e16 uagb-infobox__content-wrap  uagb-infobox-icon-above-title uagb-infobox-image-valign-top\"><div class=\"uagb-ifb-content\"><div class=\"uagb-ifb-image-content\"><img decoding=\"async\" src=\"https:\/\/ara-weserbergland.de\/wp-content\/uploads\/2026\/01\/RendsburgNordOstsee-1024x768.jpg\" alt=\"\" width=\"\" height=\"0\" loading=\"lazy\"\/><\/div><div class=\"uagb-ifb-title-wrap\"><\/div><\/div><\/div>\n<\/div>\n<\/div><\/div>\n\n\n\n<div class=\"wp-block-uagb-slider-child uagb-slider-child-wrap swiper-slide uagb-block-16e33be6\"><div class=\"swiper-content\">\n<div class=\"wp-block-uagb-container uagb-block-7ee25f41\">\n<div class=\"wp-block-uagb-info-box uagb-block-886c03f3 uagb-infobox__content-wrap  uagb-infobox-icon-above-title uagb-infobox-image-valign-top\"><div class=\"uagb-ifb-content\"><div class=\"uagb-ifb-image-content\"><img decoding=\"async\" src=\"https:\/\/ara-weserbergland.de\/wp-content\/uploads\/2026\/01\/Schleswig-an-der-Schlei-1024x576.jpg\" alt=\"\" width=\"\" height=\"0\" loading=\"lazy\"\/><\/div><div class=\"uagb-ifb-title-wrap\"><\/div><\/div><\/div>\n<\/div>\n<\/div><\/div>\n\n\n\n<div class=\"wp-block-uagb-slider-child uagb-slider-child-wrap swiper-slide uagb-block-7c8f15ac\"><div class=\"swiper-content\">\n<div class=\"wp-block-uagb-container uagb-block-ccdf7aa5\">\n<div class=\"wp-block-uagb-info-box uagb-block-36c6019f uagb-infobox__content-wrap  uagb-infobox-icon-above-title uagb-infobox-image-valign-top\"><div class=\"uagb-ifb-content\"><div class=\"uagb-ifb-image-content\"><img decoding=\"async\" src=\"https:\/\/ara-weserbergland.de\/wp-content\/uploads\/2026\/01\/NordOstseeKanal-Kiel-1024x768.jpg\" alt=\"\" width=\"\" height=\"0\" loading=\"lazy\"\/><\/div><div class=\"uagb-ifb-title-wrap\"><\/div><\/div><\/div>\n<\/div>\n<\/div><\/div>\n\n\n\n<div class=\"wp-block-uagb-slider-child uagb-slider-child-wrap swiper-slide uagb-block-d42c6e34\"><div class=\"swiper-content\">\n<div class=\"wp-block-uagb-container uagb-block-0ca812ed\">\n<div class=\"wp-block-uagb-info-box uagb-block-1e9cc046 uagb-infobox__content-wrap  uagb-infobox-icon-above-title uagb-infobox-image-valign-top\"><div class=\"uagb-ifb-content\"><div class=\"uagb-ifb-image-content\"><img decoding=\"async\" src=\"https:\/\/ara-weserbergland.de\/wp-content\/uploads\/2026\/01\/TravemuendePriwallfaehre.jpg\" alt=\"\" width=\"\" height=\"0\" loading=\"lazy\"\/><\/div><div class=\"uagb-ifb-title-wrap\"><\/div><\/div><\/div>\n<\/div>\n<\/div><\/div>\n<\/div><\/div><div class=\"swiper-pagination\"><\/div><div class=\"swiper-button-prev\"><\/div><div class=\"swiper-button-next\"><\/div><\/div>\n<\/div><\/div>\n","protected":false},"excerpt":{"rendered":"<p>Weserbergland-Brevet 1000 &#8218;Engernlandrundfahrt&#8216;<\/p>\n","protected":false},"author":1,"featured_media":0,"parent":0,"menu_order":0,"comment_status":"closed","ping_status":"closed","template":"","meta":{"_uag_custom_page_level_css":"","site-sidebar-layout":"default","site-content-layout":"","ast-site-content-layout":"default","site-content-style":"default","site-sidebar-style":"default","ast-global-header-display":"","ast-banner-title-visibility":"","ast-main-header-display":"","ast-hfb-above-header-display":"","ast-hfb-below-header-display":"","ast-hfb-mobile-header-display":"","site-post-title":"disabled","ast-breadcrumbs-content":"","ast-featured-img":"","footer-sml-layout":"","ast-disable-related-posts":"","theme-transparent-header-meta":"","adv-header-id-meta":"","stick-header-meta":"","header-above-stick-meta":"","header-main-stick-meta":"","header-below-stick-meta":"","astra-migrate-meta-layouts":"set","ast-page-background-enabled":"default","ast-page-background-meta":{"desktop":{"background-color":"","background-image":"","background-repeat":"repeat","background-position":"center center","background-size":"auto","background-attachment":"scroll","background-type":"","background-media":"","overlay-type":"","overlay-color":"","overlay-opacity":"","overlay-gradient":""},"tablet":{"background-color":"","background-image":"","background-repeat":"repeat","background-position":"center center","background-size":"auto","background-attachment":"scroll","background-type":"","background-media":"","overlay-type":"","overlay-color":"","overlay-opacity":"","overlay-gradient":""},"mobile":{"background-color":"","background-image":"","background-repeat":"repeat","background-position":"center center","background-size":"auto","background-attachment":"scroll","background-type":"","background-media":"","overlay-type":"","overlay-color":"","overlay-opacity":"","overlay-gradient":""}},"ast-content-background-meta":{"desktop":{"background-color":"var(--ast-global-color-5)","background-image":"","background-repeat":"repeat","background-position":"center center","background-size":"auto","background-attachment":"scroll","background-type":"","background-media":"","overlay-type":"","overlay-color":"","overlay-opacity":"","overlay-gradient":""},"tablet":{"background-color":"var(--ast-global-color-5)","background-image":"","background-repeat":"repeat","background-position":"center center","background-size":"auto","background-attachment":"scroll","background-type":"","background-media":"","overlay-type":"","overlay-color":"","overlay-opacity":"","overlay-gradient":""},"mobile":{"background-color":"var(--ast-global-color-5)","background-image":"","background-repeat":"repeat","background-position":"center center","background-size":"auto","background-attachment":"scroll","background-type":"","background-media":"","overlay-type":"","overlay-color":"","overlay-opacity":"","overlay-gradient":""}},"footnotes":""},"class_list":["post-2741","page","type-page","status-publish","hentry"],"aioseo_notices":[],"_hostinger_reach_plugin_has_subscription_block":false,"_hostinger_reach_plugin_is_elementor":false,"uagb_featured_image_src":{"full":false,"thumbnail":false,"medium":false,"medium_large":false,"large":false,"1536x1536":false,"2048x2048":false,"woocommerce_thumbnail":false,"woocommerce_single":false,"woocommerce_gallery_thumbnail":false},"uagb_author_info":{"display_name":"info@uwekrohne.de","author_link":"https:\/\/ara-weserbergland.de\/?author=1"},"uagb_comment_info":0,"uagb_excerpt":"Weserbergland-Brevet 1000 &#8218;Engernlandrundfahrt&#8216;","_links":{"self":[{"href":"https:\/\/ara-weserbergland.de\/index.php?rest_route=\/wp\/v2\/pages\/2741","targetHints":{"allow":["GET"]}}],"collection":[{"href":"https:\/\/ara-weserbergland.de\/index.php?rest_route=\/wp\/v2\/pages"}],"about":[{"href":"https:\/\/ara-weserbergland.de\/index.php?rest_route=\/wp\/v2\/types\/page"}],"author":[{"embeddable":true,"href":"https:\/\/ara-weserbergland.de\/index.php?rest_route=\/wp\/v2\/users\/1"}],"replies":[{"embeddable":true,"href":"https:\/\/ara-weserbergland.de\/index.php?rest_route=%2Fwp%2Fv2%2Fcomments&post=2741"}],"version-history":[{"count":41,"href":"https:\/\/ara-weserbergland.de\/index.php?rest_route=\/wp\/v2\/pages\/2741\/revisions"}],"predecessor-version":[{"id":3232,"href":"https:\/\/ara-weserbergland.de\/index.php?rest_route=\/wp\/v2\/pages\/2741\/revisions\/3232"}],"wp:attachment":[{"href":"https:\/\/ara-weserbergland.de\/index.php?rest_route=%2Fwp%2Fv2%2Fmedia&parent=2741"}],"curies":[{"name":"wp","href":"https:\/\/api.w.org\/{rel}","templated":true}]}}