{"id":1195,"date":"2025-12-14T17:32:14","date_gmt":"2025-12-14T17:32:14","guid":{"rendered":"http:\/\/ara-weserbergland.de\/about-us\/"},"modified":"2026-01-02T17:27:12","modified_gmt":"2026-01-02T17:27:12","slug":"about-us","status":"publish","type":"page","link":"https:\/\/ara-weserbergland.de\/?page_id=1195","title":{"rendered":"About Us"},"content":{"rendered":"\n<div class=\"wp-block-uagb-container uagb-block-77ef3999 alignfull uagb-is-root-container\"><div class=\"uagb-container-inner-blocks-wrap\">\n<div class=\"wp-block-uagb-container uagb-block-384e3b02\">\n<div class=\"wp-block-uagb-info-box uagb-block-576f0fa6 uagb-infobox__content-wrap  uagb-infobox-icon-above-title uagb-infobox-image-valign-top\"><div class=\"uagb-ifb-content\"><div class=\"uagb-ifb-icon-wrap\"><svg xmlns=\"https:\/\/www.w3.org\/2000\/svg\" viewBox=\"0 0 512 512\"><path d=\"M0 256C0 114.6 114.6 0 256 0C397.4 0 512 114.6 512 256C512 397.4 397.4 512 256 512C114.6 512 0 397.4 0 256zM371.8 211.8C382.7 200.9 382.7 183.1 371.8 172.2C360.9 161.3 343.1 161.3 332.2 172.2L224 280.4L179.8 236.2C168.9 225.3 151.1 225.3 140.2 236.2C129.3 247.1 129.3 264.9 140.2 275.8L204.2 339.8C215.1 350.7 232.9 350.7 243.8 339.8L371.8 211.8z\"><\/path><\/svg><\/div><div class=\"uagb-ifb-title-wrap\"><h3 class=\"uagb-ifb-title\">ARA steht f\u00fcr <a href=\"http:\/\/ara.randonneure-deutschland.de\/index.htm\" target=\"_blank\" rel=\"noreferrer noopener\">AUDAX RANDONNEURS ALLEMAGNE<\/a> und ist eine Interessensgemeinschaft, welche im Jahre 1992 in Hamburg von Claus Czycholl ins Leben gerufen wurde. Ziel von ARA ist es, das Radfahren in Deutschland, insbesondere das Langstreckenradfahren zu f\u00f6rdern. In diesem Rahmen werden durch verschiedene Organisatoren im Bundesgebiet regelm\u00e4\u00dfig Ausfahrten auf durch <a href=\"https:\/\/www.weserbergland-randonneur.de\/_pict\/strplan.jpg\">Streckenplan<\/a> vorgegebenen Routen, sog. Brevets, veranstaltet. Diese Brevets gelten, so sie erfolgreich absolviert wurden, als Qualifikation f\u00fcr die Teilnahme an weltweit veranstalteten, teilweise legend\u00e4ren Rennen wie Paris-Brest-Paris.<br>ARA steht allen Interessierten offen. Eine Mitgliedschaft in Sinne eines Vereins gibt es nicht. Dem Teilnehmer an Qualifikationsbrevets erwachsen keinerlei Verpflichtungen wie Vereinsbeitr\u00e4ge o. \u00e4. . Beim Veranstalter ist lediglich vor jeder Teilnahme ein festgelegter Betrag zu entrichten, welcher die diesem entstehenden Organisationskosten f\u00fcr Porto, <a href=\"https:\/\/www.weserbergland-randonneur.de\/_html\/wr_about.html#\">Medaillen<\/a>&#8211; und Startunterlagenbeschaffung decken sollen.<br>Die ARA-Organisatoren sind im Weltverband LES RANDONNEURS MONDIAUX organisiert.<br>Die A.R.A. Organisatoren der verschiedenen Regionen Deutschlands sind alleinberechtigt, die Qualifikations- Brevets f\u00fcr das legend\u00e4re Langstreckenrennen Paris-Brest-Paris-(Randonneurs), sowie die anderen RM 1200km Events, durchzuf\u00fchren.<br>Zur Qualifikation sind die Registrierung ( Homologation) der Brevets in Paris von 200km- 300km- 400km und 600km nach den internationalen Regeln von ACP \/ Randonneurs Mondiaux notwendig.<br>Die k\u00fcrzeste Distanz die angeboten wird ist 200km und die l\u00e4ngste 1200km +<br><br>Audax Randonneurs Allemagne ist offen f\u00fcr alle Langstreckler, die in Frankreich Randonneure genannt werden.<br>A.R.A.sieht seine Aufgaben u.a. auch darin, das legend\u00e4re und \u00e4lteste Langstreckenrennen der Welt<br>Paris-Brest-Paris in Deutschland weiterhin popul\u00e4r zu machen; es wurde 1891 zum ersten Mal ausgetragen.<br>Am 6. September 1891 haben sich 207 Starter zum ersten Paris-Brest-Paris eingefunden, um die 1200 km bei \u00fcber 10.000 H\u00f6henmeter nonstop zur\u00fcckzulegen. Dies schien damals ein geradezu unm\u00f6gliches und unmenschliches Unterfangen..<br><br>Seit 1971 wird das bereits zur Legende gewordene Radrennen alle vier Jahre f\u00fcr Jedermann \/ Frau ausgetragen und besitzt aufgrund seiner stetig ansteigenden Teilnehmerzahl einen enormen Stellenwert in Frankreich und damit in der gesamten nicht professionellen Radsportszene.<br>2003 erlebte PBP seine gr\u00f6\u00dfte Teilnehmerzahl mit \u00fcber \u00fcber 4100 Teilnehmern aus 25 Nationen.Info Box<\/h3><\/div><p class=\"uagb-ifb-desc\">Click here to change this text. Lorem ipsum dolor sit amet, consectetur adipiscing elit. Ut elit tellus, luctus nec ullamcorper mattis, pulvinar dapibus leo.<\/p><\/div><\/div>\n<\/div>\n<\/div><\/div>\n\n\n\n<div class=\"wp-block-uagb-container uagb-block-6b97439c alignfull uagb-is-root-container\"><div class=\"uagb-container-inner-blocks-wrap\">\n<div class=\"wp-block-uagb-advanced-heading uagb-block-93a9a65d\"><h2 class=\"uagb-heading-text\">Explore The Stories<\/h2><\/div>\n<\/div><\/div>\n","protected":false},"excerpt":{"rendered":"<p>Explore The Stories<\/p>\n","protected":false},"author":1,"featured_media":0,"parent":0,"menu_order":0,"comment_status":"closed","ping_status":"closed","template":"","meta":{"_uag_custom_page_level_css":"","site-sidebar-layout":"no-sidebar","site-content-layout":"plain-container","ast-site-content-layout":"normal-width-container","site-content-style":"unboxed","site-sidebar-style":"unboxed","ast-global-header-display":"","ast-banner-title-visibility":"","ast-main-header-display":"","ast-hfb-above-header-display":"","ast-hfb-below-header-display":"","ast-hfb-mobile-header-display":"","site-post-title":"disabled","ast-breadcrumbs-content":"","ast-featured-img":"disabled","footer-sml-layout":"","ast-disable-related-posts":"","theme-transparent-header-meta":"enabled","adv-header-id-meta":"","stick-header-meta":"","header-above-stick-meta":"","header-main-stick-meta":"","header-below-stick-meta":"","astra-migrate-meta-layouts":"set","ast-page-background-enabled":"default","ast-page-background-meta":{"desktop":{"background-color":"","background-image":"","background-repeat":"repeat","background-position":"center center","background-size":"auto","background-attachment":"scroll","background-type":"","background-media":"","overlay-type":"","overlay-color":"","overlay-opacity":"","overlay-gradient":""},"tablet":{"background-color":"","background-image":"","background-repeat":"repeat","background-position":"center center","background-size":"auto","background-attachment":"scroll","background-type":"","background-media":"","overlay-type":"","overlay-color":"","overlay-opacity":"","overlay-gradient":""},"mobile":{"background-color":"","background-image":"","background-repeat":"repeat","background-position":"center center","background-size":"auto","background-attachment":"scroll","background-type":"","background-media":"","overlay-type":"","overlay-color":"","overlay-opacity":"","overlay-gradient":""}},"ast-content-background-meta":{"desktop":{"background-color":"var(--ast-global-color-5)","background-image":"","background-repeat":"repeat","background-position":"center center","background-size":"auto","background-attachment":"scroll","background-type":"","background-media":"","overlay-type":"","overlay-color":"","overlay-opacity":"","overlay-gradient":""},"tablet":{"background-color":"var(--ast-global-color-5)","background-image":"","background-repeat":"repeat","background-position":"center center","background-size":"auto","background-attachment":"scroll","background-type":"","background-media":"","overlay-type":"","overlay-color":"","overlay-opacity":"","overlay-gradient":""},"mobile":{"background-color":"var(--ast-global-color-5)","background-image":"","background-repeat":"repeat","background-position":"center center","background-size":"auto","background-attachment":"scroll","background-type":"","background-media":"","overlay-type":"","overlay-color":"","overlay-opacity":"","overlay-gradient":""}},"footnotes":""},"class_list":["post-1195","page","type-page","status-publish","hentry"],"aioseo_notices":[],"_hostinger_reach_plugin_has_subscription_block":false,"_hostinger_reach_plugin_is_elementor":false,"uagb_featured_image_src":{"full":false,"thumbnail":false,"medium":false,"medium_large":false,"large":false,"1536x1536":false,"2048x2048":false,"woocommerce_thumbnail":false,"woocommerce_single":false,"woocommerce_gallery_thumbnail":false},"uagb_author_info":{"display_name":"info@uwekrohne.de","author_link":"https:\/\/ara-weserbergland.de\/?author=1"},"uagb_comment_info":0,"uagb_excerpt":"Explore The Stories","_links":{"self":[{"href":"https:\/\/ara-weserbergland.de\/index.php?rest_route=\/wp\/v2\/pages\/1195","targetHints":{"allow":["GET"]}}],"collection":[{"href":"https:\/\/ara-weserbergland.de\/index.php?rest_route=\/wp\/v2\/pages"}],"about":[{"href":"https:\/\/ara-weserbergland.de\/index.php?rest_route=\/wp\/v2\/types\/page"}],"author":[{"embeddable":true,"href":"https:\/\/ara-weserbergland.de\/index.php?rest_route=\/wp\/v2\/users\/1"}],"replies":[{"embeddable":true,"href":"https:\/\/ara-weserbergland.de\/index.php?rest_route=%2Fwp%2Fv2%2Fcomments&post=1195"}],"version-history":[{"count":4,"href":"https:\/\/ara-weserbergland.de\/index.php?rest_route=\/wp\/v2\/pages\/1195\/revisions"}],"predecessor-version":[{"id":2735,"href":"https:\/\/ara-weserbergland.de\/index.php?rest_route=\/wp\/v2\/pages\/1195\/revisions\/2735"}],"wp:attachment":[{"href":"https:\/\/ara-weserbergland.de\/index.php?rest_route=%2Fwp%2Fv2%2Fmedia&parent=1195"}],"curies":[{"name":"wp","href":"https:\/\/api.w.org\/{rel}","templated":true}]}}